{"id":233,"date":"2020-04-02T08:56:57","date_gmt":"2020-04-02T08:56:57","guid":{"rendered":"https:\/\/jupiterx.artbees.net\/car-wash-2\/?page_id=233"},"modified":"2026-05-04T16:17:41","modified_gmt":"2026-05-04T14:17:41","slug":"cleaning-of-communities","status":"publish","type":"page","link":"https:\/\/talosserviciosintegrales.com\/en\/cleaning-of-communities\/","title":{"rendered":"Cleaning of communities"},"content":{"rendered":"<p>\u00bfNecesita el servicio de una empresa de limpieza de comunidades? Como bien sabe, resulta fundamental mantener la limpieza y desinfecci\u00f3n de las comunidades de propietarios. La convivencia entre vecinos y evitar la propagaci\u00f3n de enfermedades depende muchas veces de la calidad efectiva de la limpieza en su comunidad. Por esta raz\u00f3n, muchas comunidades optan por la contrataci\u00f3n de servicios profesionales de limpieza.<\/p>\n<p>En TALOS, con base a la experiencia que hemos acumulado en los \u00faltimos a\u00f1os, concebimos la limpieza, desinfecci\u00f3n y mantenimiento en comunidades como algo fundamental para una comunidad de propietarios. Nuestra trayectoria nos ha llevado a dise\u00f1ar servicios que se adaptan 100% a sus necesidades, tanto de servicios como econ\u00f3micas.\u00a0\u00a0<\/p>\n<p>Our services stand out for:<\/p>\n<ul>\n<li>La limpieza de los suelos de las zonas comunes, tanto portales como descansillos, con barrido y fregado con eliminaci\u00f3n de manchas superficiales.<\/li>\n<li>Limpieza de escaleras y ventanas. Barrido y fregado de las mismas con limpieza de barandillas y molduras de la escalera.<\/li>\n<li>Puerta de entrada al portal. Limpieza de la cristalera de la puerta de entrada, as\u00ed como dem\u00e1s cristales existentes en la comunidad.<\/li>\n<li>Limpieza de los ascensores. Limpieza interior, barrido y fregado de suelo de los ascensores, limpieza de la botonera y los espejos.<\/li>\n<\/ul>\n<p>\u00a0\t\t<\/p>\n<h3>\n\t\t\t\t\t\t\t\u00bfNecesitas m\u00e1s informaci\u00f3n?<br \/>\n\t\t\t\t\t<\/h3>\n<p>\n\t\t\t\t\t\t 717 70 28 76\u00a0\t\t\t\t\t<\/p>","protected":false},"excerpt":{"rendered":"<p>\u00bfNecesita el servicio de una empresa de limpieza de comunidades? Como bien sabe, resulta fundamental mantener la limpieza y desinfecci\u00f3n de las comunidades de propietarios. La convivencia entre vecinos y evitar la propagaci\u00f3n de enfermedades depende muchas veces de la calidad efectiva de la limpieza en su comunidad. Por esta raz\u00f3n, muchas comunidades optan por [&hellip;]<\/p>\n","protected":false},"author":1,"featured_media":1030,"parent":0,"menu_order":0,"comment_status":"closed","ping_status":"closed","template":"","meta":{"footnotes":""},"class_list":["post-233","page","type-page","status-publish","has-post-thumbnail","hentry"],"_links":{"self":[{"href":"https:\/\/talosserviciosintegrales.com\/en\/wp-json\/wp\/v2\/pages\/233","targetHints":{"allow":["GET"]}}],"collection":[{"href":"https:\/\/talosserviciosintegrales.com\/en\/wp-json\/wp\/v2\/pages"}],"about":[{"href":"https:\/\/talosserviciosintegrales.com\/en\/wp-json\/wp\/v2\/types\/page"}],"author":[{"embeddable":true,"href":"https:\/\/talosserviciosintegrales.com\/en\/wp-json\/wp\/v2\/users\/1"}],"replies":[{"embeddable":true,"href":"https:\/\/talosserviciosintegrales.com\/en\/wp-json\/wp\/v2\/comments?post=233"}],"version-history":[{"count":0,"href":"https:\/\/talosserviciosintegrales.com\/en\/wp-json\/wp\/v2\/pages\/233\/revisions"}],"wp:featuredmedia":[{"embeddable":true,"href":"https:\/\/talosserviciosintegrales.com\/en\/wp-json\/wp\/v2\/media\/1030"}],"wp:attachment":[{"href":"https:\/\/talosserviciosintegrales.com\/en\/wp-json\/wp\/v2\/media?parent=233"}],"curies":[{"name":"wp","href":"https:\/\/api.w.org\/{rel}","templated":true}]}}