{"id":493,"date":"2022-12-15T09:52:37","date_gmt":"2022-12-15T09:52:37","guid":{"rendered":"http:\/\/talosserviciosintegrales.com\/?page_id=493"},"modified":"2026-05-04T16:18:14","modified_gmt":"2026-05-04T14:18:14","slug":"office-cleaning","status":"publish","type":"page","link":"https:\/\/talosserviciosintegrales.com\/en\/office-cleaning\/","title":{"rendered":"Office cleaning"},"content":{"rendered":"<p>Somos conscientes de que la limpieza de oficinas, despachos y centros de trabajo influye positivamente tanto en la percepci\u00f3n que tienen los clientes de su empresa, como en el bienestar de sus trabajadores.<\/p>\n<p>Sin embargo, difundir una imagen impecable de su oficina s\u00f3lo es posible si puede contar con un equipo profesional de limpieza que disponga de los medios humanos y t\u00e9cnicos para mantener en buen estado sus oficinas.\u00a0<\/p>\n<p>En TALOS llevamos casi 20 a\u00f1os realizando la limpieza de oficinas y trabajamos cada d\u00eda para ofrecer servicios que contemplan:<\/p>\n<ul>\n<li>La limpieza de todas las superficies de su despacho u oficina, desde los suelos y mobiliario hasta los cristales.<\/li>\n<li>La desinfecci\u00f3n integral de su oficina e higienizaci\u00f3n de los aseos.<\/li>\n<li>La garant\u00eda de que los productos de limpieza utilizados no da\u00f1ar\u00e1n sus instalaciones y no impactar\u00e1 negativamente en la salud de las personas.<\/li>\n<\/ul>\n<p>\u00a0\t\t<\/p>\n<h3>\n\t\t\t\t\t\t\t\u00bfNecesitas m\u00e1s informaci\u00f3n?<br \/>\n\t\t\t\t\t<\/h3>\n<p>\n\t\t\t\t\t\t 717 70 28 76\u00a0\t\t\t\t\t<\/p>","protected":false},"excerpt":{"rendered":"<p>Somos conscientes de que la limpieza de oficinas, despachos y centros de trabajo influye positivamente tanto en la percepci\u00f3n que tienen los clientes de su empresa, como en el bienestar de sus trabajadores. Sin embargo, difundir una imagen impecable de su oficina s\u00f3lo es posible si puede contar con un equipo profesional de limpieza que [&hellip;]<\/p>\n","protected":false},"author":1,"featured_media":1007,"parent":0,"menu_order":0,"comment_status":"closed","ping_status":"closed","template":"","meta":{"footnotes":""},"class_list":["post-493","page","type-page","status-publish","has-post-thumbnail","hentry"],"_links":{"self":[{"href":"https:\/\/talosserviciosintegrales.com\/en\/wp-json\/wp\/v2\/pages\/493","targetHints":{"allow":["GET"]}}],"collection":[{"href":"https:\/\/talosserviciosintegrales.com\/en\/wp-json\/wp\/v2\/pages"}],"about":[{"href":"https:\/\/talosserviciosintegrales.com\/en\/wp-json\/wp\/v2\/types\/page"}],"author":[{"embeddable":true,"href":"https:\/\/talosserviciosintegrales.com\/en\/wp-json\/wp\/v2\/users\/1"}],"replies":[{"embeddable":true,"href":"https:\/\/talosserviciosintegrales.com\/en\/wp-json\/wp\/v2\/comments?post=493"}],"version-history":[{"count":0,"href":"https:\/\/talosserviciosintegrales.com\/en\/wp-json\/wp\/v2\/pages\/493\/revisions"}],"wp:featuredmedia":[{"embeddable":true,"href":"https:\/\/talosserviciosintegrales.com\/en\/wp-json\/wp\/v2\/media\/1007"}],"wp:attachment":[{"href":"https:\/\/talosserviciosintegrales.com\/en\/wp-json\/wp\/v2\/media?parent=493"}],"curies":[{"name":"wp","href":"https:\/\/api.w.org\/{rel}","templated":true}]}}