{"id":516,"date":"2022-12-15T12:41:24","date_gmt":"2022-12-15T12:41:24","guid":{"rendered":"http:\/\/talosserviciosintegrales.com\/?page_id=516"},"modified":"2026-05-07T09:52:43","modified_gmt":"2026-05-07T07:52:43","slug":"community-concierge-services","status":"publish","type":"page","link":"https:\/\/talosserviciosintegrales.com\/en\/community-concierge-services\/","title":{"rendered":"Conserjeria communities"},"content":{"rendered":"<p>We offer community concierge services, adding to the functions of the concierge service and access control to your facilities, the maintenance service and minor repairs.<\/p>\n<p>Contamos con un amplio y experimentado equipo de conserjes y controladores de accesos formado, con experiencia en todas las funciones para asegurarle un servicio completo y excelente a sus clientes. Nuestros conserjes tienen capacidad para la realizaci\u00f3n de peque\u00f1os servicios de mantenimiento de las instalaciones.<\/p>\n<p>TALOS provides you with a team of professional concierges trained to perform the following tasks:<\/p>\n<ul>\n<li>Access control to the building or facilities.<\/li>\n<li>Reception of visitors and suppliers. Customer information on the various services available to them.<\/li>\n<li>Mantenimiento y supervisi\u00f3n de las instalaciones<\/li>\n<li>Conocimiento de los aspectos t\u00e9cnicos y de prevenci\u00f3n del espacio<\/li>\n<li>Gesti\u00f3n de los residuos y basuras<\/li>\n<li>Otros conocimientos seg\u00fan \u00e1mbito<\/li>\n<\/ul>\n<h3>\n\t\t\t\t\t\t\t\u00bfNecesitas m\u00e1s informaci\u00f3n?<br \/>\n\t\t\t\t\t<\/h3>\n<p>\n\t\t\t\t\t\t 717 70 28 76\u00a0\t\t\t\t\t<\/p>","protected":false},"excerpt":{"rendered":"<p>Ofrecemos servicios de conserjer\u00eda de comunidades, a\u00f1adiendo a las funciones propias del servicio de conserjer\u00eda y control de accesos a sus instalaciones, el servicio de mantenimiento y peque\u00f1as reparaciones. Contamos con un amplio y experimentado equipo de conserjes y controladores de accesos formado, con experiencia en todas las funciones para asegurarle un servicio completo y [&hellip;]<\/p>\n","protected":false},"author":1,"featured_media":978,"parent":0,"menu_order":0,"comment_status":"closed","ping_status":"closed","template":"","meta":{"footnotes":""},"class_list":["post-516","page","type-page","status-publish","has-post-thumbnail","hentry"],"_links":{"self":[{"href":"https:\/\/talosserviciosintegrales.com\/en\/wp-json\/wp\/v2\/pages\/516","targetHints":{"allow":["GET"]}}],"collection":[{"href":"https:\/\/talosserviciosintegrales.com\/en\/wp-json\/wp\/v2\/pages"}],"about":[{"href":"https:\/\/talosserviciosintegrales.com\/en\/wp-json\/wp\/v2\/types\/page"}],"author":[{"embeddable":true,"href":"https:\/\/talosserviciosintegrales.com\/en\/wp-json\/wp\/v2\/users\/1"}],"replies":[{"embeddable":true,"href":"https:\/\/talosserviciosintegrales.com\/en\/wp-json\/wp\/v2\/comments?post=516"}],"version-history":[{"count":0,"href":"https:\/\/talosserviciosintegrales.com\/en\/wp-json\/wp\/v2\/pages\/516\/revisions"}],"wp:featuredmedia":[{"embeddable":true,"href":"https:\/\/talosserviciosintegrales.com\/en\/wp-json\/wp\/v2\/media\/978"}],"wp:attachment":[{"href":"https:\/\/talosserviciosintegrales.com\/en\/wp-json\/wp\/v2\/media?parent=516"}],"curies":[{"name":"wp","href":"https:\/\/api.w.org\/{rel}","templated":true}]}}