{"id":646,"date":"2023-11-21T20:20:49","date_gmt":"2023-11-21T20:20:49","guid":{"rendered":"http:\/\/talosserviciosintegrales.com\/?page_id=646"},"modified":"2026-05-05T09:20:29","modified_gmt":"2026-05-05T07:20:29","slug":"reforms","status":"publish","type":"page","link":"https:\/\/talosserviciosintegrales.com\/en\/reforms\/","title":{"rendered":"Reforms"},"content":{"rendered":"<p>En Talos Servicios Integrales te ofrecemos un servicio de reformas completo, desde el dise\u00f1o hasta la ejecuci\u00f3n final. Contamos con un equipo de profesionales con amplia experiencia en el sector, que te asesorar\u00e1n y guiar\u00e1n en todo el proceso.<\/p>\n<ul>\n<li>Estudio de viabilidad: Realizamos un estudio detallado de tu vivienda para determinar las necesidades de la reforma y elaborar un presupuesto ajustado.<\/li>\n<li>Dise\u00f1o: Te ayudamos a dise\u00f1ar la reforma de tu vivienda seg\u00fan tus necesidades y preferencias.<\/li>\n<li>Licitaci\u00f3n: Nos encargamos de licitar los trabajos a empresas de confianza para garantizar la calidad y el buen precio.<\/li>\n<li>Supervisi\u00f3n: Supervisamos los trabajos para garantizar que se cumplen los plazos y los est\u00e1ndares de calidad.<\/li>\n<li>Garant\u00eda: Ofrecemos una garant\u00eda de 2 a\u00f1os en todos nuestros trabajos.<\/li>\n<\/ul>\n<p>If you're thinking about renovating your home, don't hesitate to contact Talos Servicios Integrales. We offer a comprehensive, high-quality service with a guarantee.<\/p>\n<h3>\n\t\t\t\t\t\t\t\u00bfNecesitas m\u00e1s informaci\u00f3n?<br \/>\n\t\t\t\t\t<\/h3>\n<p>\n\t\t\t\t\t\t 717 70 28 76\u00a0\t\t\t\t\t<\/p>","protected":false},"excerpt":{"rendered":"<p>En Talos Servicios Integrales te ofrecemos un servicio de reformas completo, desde el dise\u00f1o hasta la ejecuci\u00f3n final. Contamos con un equipo de profesionales con amplia experiencia en el sector, que te asesorar\u00e1n y guiar\u00e1n en todo el proceso. Estudio de viabilidad: Realizamos un estudio detallado de tu vivienda para determinar las necesidades de la [&hellip;]<\/p>\n","protected":false},"author":1,"featured_media":964,"parent":0,"menu_order":0,"comment_status":"closed","ping_status":"closed","template":"","meta":{"footnotes":""},"class_list":["post-646","page","type-page","status-publish","has-post-thumbnail","hentry"],"_links":{"self":[{"href":"https:\/\/talosserviciosintegrales.com\/en\/wp-json\/wp\/v2\/pages\/646","targetHints":{"allow":["GET"]}}],"collection":[{"href":"https:\/\/talosserviciosintegrales.com\/en\/wp-json\/wp\/v2\/pages"}],"about":[{"href":"https:\/\/talosserviciosintegrales.com\/en\/wp-json\/wp\/v2\/types\/page"}],"author":[{"embeddable":true,"href":"https:\/\/talosserviciosintegrales.com\/en\/wp-json\/wp\/v2\/users\/1"}],"replies":[{"embeddable":true,"href":"https:\/\/talosserviciosintegrales.com\/en\/wp-json\/wp\/v2\/comments?post=646"}],"version-history":[{"count":0,"href":"https:\/\/talosserviciosintegrales.com\/en\/wp-json\/wp\/v2\/pages\/646\/revisions"}],"wp:featuredmedia":[{"embeddable":true,"href":"https:\/\/talosserviciosintegrales.com\/en\/wp-json\/wp\/v2\/media\/964"}],"wp:attachment":[{"href":"https:\/\/talosserviciosintegrales.com\/en\/wp-json\/wp\/v2\/media?parent=646"}],"curies":[{"name":"wp","href":"https:\/\/api.w.org\/{rel}","templated":true}]}}