{"id":653,"date":"2023-11-21T20:40:34","date_gmt":"2023-11-21T20:40:34","guid":{"rendered":"http:\/\/talosserviciosintegrales.com\/?page_id=653"},"modified":"2026-05-07T09:51:48","modified_gmt":"2026-05-07T07:51:48","slug":"gardening","status":"publish","type":"page","link":"https:\/\/talosserviciosintegrales.com\/en\/gardening\/","title":{"rendered":"Gardening"},"content":{"rendered":"<p>En Talos Servicios Integrales te ofrecemos un servicio de jardiner\u00eda completo, que incluye todas las tareas necesarias para que tu jard\u00edn est\u00e9 siempre en perfecto estado.<\/p>\n<ul>\n<li>Revisi\u00f3n y mantenimiento: Realizamos una revisi\u00f3n peri\u00f3dica de tu jard\u00edn para detectar cualquier problema y realizar las tareas de mantenimiento necesarias.<\/li>\n<li>Poda: Realizamos la poda de \u00e1rboles, arbustos y plantas, seg\u00fan las necesidades espec\u00edficas de cada especie.<\/li>\n<li>Riego: Nos encargamos de regar tu jard\u00edn de forma regular, para que las plantas tengan la humedad que necesitan.<\/li>\n<li>Plantaci\u00f3n: Te ayudamos a elegir las plantas adecuadas para tu jard\u00edn y las plantamos por ti.<\/li>\n<li>Desbroce: Eliminamos las malas hierbas y los restos vegetales de tu jard\u00edn.<\/li>\n<li>Limpieza: Realizamos la limpieza de tu jard\u00edn, para que quede libre de hojas, ramas y otros residuos.<\/li>\n<\/ul>\n<p>If you want your garden to look perfect, without having to worry about a thing, don't hesitate to contact Talos Servicios Integrales. We offer a complete, high-quality gardening service at a competitive price.<\/p>\n<h3>\n\t\t\t\t\t\t\t\u00bfNecesitas m\u00e1s informaci\u00f3n?<br \/>\n\t\t\t\t\t<\/h3>\n<p>\n\t\t\t\t\t\t 717 70 28 76\u00a0\t\t\t\t\t<\/p>","protected":false},"excerpt":{"rendered":"<p>En Talos Servicios Integrales te ofrecemos un servicio de jardiner\u00eda completo, que incluye todas las tareas necesarias para que tu jard\u00edn est\u00e9 siempre en perfecto estado. Revisi\u00f3n y mantenimiento: Realizamos una revisi\u00f3n peri\u00f3dica de tu jard\u00edn para detectar cualquier problema y realizar las tareas de mantenimiento necesarias. Poda: Realizamos la poda de \u00e1rboles, arbustos y [&hellip;]<\/p>\n","protected":false},"author":1,"featured_media":1082,"parent":0,"menu_order":0,"comment_status":"closed","ping_status":"closed","template":"","meta":{"footnotes":""},"class_list":["post-653","page","type-page","status-publish","has-post-thumbnail","hentry"],"_links":{"self":[{"href":"https:\/\/talosserviciosintegrales.com\/en\/wp-json\/wp\/v2\/pages\/653","targetHints":{"allow":["GET"]}}],"collection":[{"href":"https:\/\/talosserviciosintegrales.com\/en\/wp-json\/wp\/v2\/pages"}],"about":[{"href":"https:\/\/talosserviciosintegrales.com\/en\/wp-json\/wp\/v2\/types\/page"}],"author":[{"embeddable":true,"href":"https:\/\/talosserviciosintegrales.com\/en\/wp-json\/wp\/v2\/users\/1"}],"replies":[{"embeddable":true,"href":"https:\/\/talosserviciosintegrales.com\/en\/wp-json\/wp\/v2\/comments?post=653"}],"version-history":[{"count":0,"href":"https:\/\/talosserviciosintegrales.com\/en\/wp-json\/wp\/v2\/pages\/653\/revisions"}],"wp:featuredmedia":[{"embeddable":true,"href":"https:\/\/talosserviciosintegrales.com\/en\/wp-json\/wp\/v2\/media\/1082"}],"wp:attachment":[{"href":"https:\/\/talosserviciosintegrales.com\/en\/wp-json\/wp\/v2\/media?parent=653"}],"curies":[{"name":"wp","href":"https:\/\/api.w.org\/{rel}","templated":true}]}}