{"id":94,"date":"2020-03-29T08:24:25","date_gmt":"2020-03-29T08:24:25","guid":{"rendered":"https:\/\/jupiterx.artbees.net\/car-wash-2\/?page_id=94"},"modified":"2026-05-04T16:16:38","modified_gmt":"2026-05-04T14:16:38","slug":"about-us","status":"publish","type":"page","link":"https:\/\/talosserviciosintegrales.com\/en\/about-us\/","title":{"rendered":"About us"},"content":{"rendered":"<p>\/*! elementor &#8211; v3.22.0 &#8211; 17-06-2024 *\/<br \/>\n.elementor-heading-title{padding:0;margin:0;line-height:1}.elementor-widget-heading .elementor-heading-title[class*=elementor-size-]&gt;a{color:inherit;font-size:inherit;line-height:inherit}.elementor-widget-heading .elementor-heading-title.elementor-size-small{font-size:15px}.elementor-widget-heading .elementor-heading-title.elementor-size-medium{font-size:19px}.elementor-widget-heading .elementor-heading-title.elementor-size-large{font-size:29px}.elementor-widget-heading .elementor-heading-title.elementor-size-xl{font-size:39px}.elementor-widget-heading .elementor-heading-title.elementor-size-xxl{font-size:59px}<\/p>\n<h3>Sobre nosotros<\/h3>\n<p>TALOS SERVICIOS INTEGRALES es una empresa l\u00edder en servicios integrales de la Comunidad de Madrid.<\/p>\n<p>Nuestra empresa nace en el a\u00f1o 2005 y su calidad, profesionalidad, as\u00ed como sus precios competitivos la hacen destacar como referencia de empresas de limpieza y conserjer\u00eda para comunidades de propietarios y oficinas.&nbsp;<\/p>\n<p>Para realizar nuestro trabajo, TALOS emplea a los mejores profesionales del sector, junto con los medios t\u00e9cnicos m\u00e1s modernos existentes en el mercado, por ello, conseguimos la m\u00e1xima satisfacci\u00f3n de nuestros clientes a los menores costes posibles.&nbsp;<\/p>\n<p>Nuestra prioridad es satisfacer de manera \u00f3ptima las necesidades de nuestros clientes, ofreciendo un servicio de calidad, profesionalidad y transparencia.<\/p>\n<h3>Valores<\/h3>\n<ul>\n<li><b>Calidad:<\/b> Nuestro objetivo primordial es proporcionarle a nuestros clientes un servicio de m\u00e1xima calidad. Por lo que solo vendemos los mejores productos del mercado.<\/li>\n<li><b>Eficacia: <\/b>Tiempo es dinero, tanto para nosotros como para nuestros clientes. Por lo que solo empleamos \u00f3ptimos m\u00e9todos y soluciones, resultando en una gran eficacia y rapidez.<\/li>\n<li><b>Precios transparentes:<\/b> La total transparencia de los precios es la base fundamental para asegurar un buen trabajo un equipo basado en la confianza. Es por eso que nosotros ofrecemos precios justos y transparentes; sin cargos ocultos ni costos adicionales.<\/li>\n<\/ul>\n","protected":false},"excerpt":{"rendered":"<p>\/*! elementor &#8211; v3.22.0 &#8211; 17-06-2024 *\/ .elementor-heading-title{padding:0;margin:0;line-height:1}.elementor-widget-heading .elementor-heading-title[class*=elementor-size-]&gt;a{color:inherit;font-size:inherit;line-height:inherit}.elementor-widget-heading .elementor-heading-title.elementor-size-small{font-size:15px}.elementor-widget-heading .elementor-heading-title.elementor-size-medium{font-size:19px}.elementor-widget-heading .elementor-heading-title.elementor-size-large{font-size:29px}.elementor-widget-heading .elementor-heading-title.elementor-size-xl{font-size:39px}.elementor-widget-heading .elementor-heading-title.elementor-size-xxl{font-size:59px} Sobre nosotros TALOS SERVICIOS INTEGRALES es una empresa l\u00edder en servicios integrales de la Comunidad de Madrid. Nuestra empresa nace en el a\u00f1o 2005 y su calidad, profesionalidad, as\u00ed como sus precios competitivos la hacen destacar como referencia de empresas de [&hellip;]<\/p>\n","protected":false},"author":1,"featured_media":954,"parent":0,"menu_order":0,"comment_status":"closed","ping_status":"closed","template":"","meta":{"footnotes":""},"class_list":["post-94","page","type-page","status-publish","has-post-thumbnail","hentry"],"_links":{"self":[{"href":"https:\/\/talosserviciosintegrales.com\/en\/wp-json\/wp\/v2\/pages\/94","targetHints":{"allow":["GET"]}}],"collection":[{"href":"https:\/\/talosserviciosintegrales.com\/en\/wp-json\/wp\/v2\/pages"}],"about":[{"href":"https:\/\/talosserviciosintegrales.com\/en\/wp-json\/wp\/v2\/types\/page"}],"author":[{"embeddable":true,"href":"https:\/\/talosserviciosintegrales.com\/en\/wp-json\/wp\/v2\/users\/1"}],"replies":[{"embeddable":true,"href":"https:\/\/talosserviciosintegrales.com\/en\/wp-json\/wp\/v2\/comments?post=94"}],"version-history":[{"count":0,"href":"https:\/\/talosserviciosintegrales.com\/en\/wp-json\/wp\/v2\/pages\/94\/revisions"}],"wp:featuredmedia":[{"embeddable":true,"href":"https:\/\/talosserviciosintegrales.com\/en\/wp-json\/wp\/v2\/media\/954"}],"wp:attachment":[{"href":"https:\/\/talosserviciosintegrales.com\/en\/wp-json\/wp\/v2\/media?parent=94"}],"curies":[{"name":"wp","href":"https:\/\/api.w.org\/{rel}","templated":true}]}}